{"id":28974,"date":"2024-11-12T10:03:49","date_gmt":"2024-11-12T09:03:49","guid":{"rendered":"https:\/\/guillodconservation.com\/?page_id=28974"},"modified":"2024-11-25T19:42:33","modified_gmt":"2024-11-25T18:42:33","slug":"accueil","status":"publish","type":"page","link":"https:\/\/guillodconservation.com\/accueil\/","title":{"rendered":""},"content":{"rendered":"\n[et_pb_section fb_built=\u00a0\u00bb1&Prime; _builder_version=\u00a0\u00bb4.27.3&Prime; _module_preset=\u00a0\u00bbdefault\u00a0\u00bb global_colors_info=\u00a0\u00bb{}\u00a0\u00bb][et_pb_row _builder_version=\u00a0\u00bb4.27.3&Prime; _module_preset=\u00a0\u00bbdefault\u00a0\u00bb global_colors_info=\u00a0\u00bb{}\u00a0\u00bb][et_pb_column type=\u00a0\u00bb4_4&Prime; _builder_version=\u00a0\u00bb4.27.3&Prime; _module_preset=\u00a0\u00bbdefault\u00a0\u00bb global_colors_info=\u00a0\u00bb{}\u00a0\u00bb][et_pb_slider _builder_version=\u00a0\u00bb4.27.3&Prime; _module_preset=\u00a0\u00bbdefault\u00a0\u00bb background_image=\u00a0\u00bbhttps:\/\/guillodconservation.com\/wp-content\/uploads\/2024\/09\/Guillod_AR-053-2-scaled.jpg\u00a0\u00bb global_colors_info=\u00a0\u00bb{}\u00a0\u00bb][et_pb_slide heading=\u00a0\u00bbConservation pr\u00e9ventive et restauration\u00a0\u00bb button_text=\u00a0\u00bbNos prestations\u00a0\u00bb use_bg_overlay=\u00a0\u00bbon\u00a0\u00bb use_text_overlay=\u00a0\u00bbon\u00a0\u00bb _builder_version=\u00a0\u00bb4.27.3&Prime; _module_preset=\u00a0\u00bbdefault\u00a0\u00bb background_color=\u00a0\u00bb#7fc688&Prime; background_enable_color=\u00a0\u00bbon\u00a0\u00bb background_image=\u00a0\u00bbhttps:\/\/guillodconservation.com\/wp-content\/uploads\/2024\/09\/Capture-decran-2024-09-25-a-09.59.53-1.png\u00a0\u00bb background_enable_image=\u00a0\u00bbon\u00a0\u00bb global_colors_info=\u00a0\u00bb{}\u00a0\u00bb sticky_transition=\u00a0\u00bbon\u00a0\u00bb]<h3>Des r\u00e9ponses adapt\u00e9es \u00e0 vos besoins<\/h3>\n[\/et_pb_slide][et_pb_slide heading=\u00a0\u00bbIls ont fait appel \u00e0 nous !\u00a0\u00bb button_text=\u00a0\u00bbNos r\u00e9f\u00e9rences\u00a0\u00bb use_bg_overlay=\u00a0\u00bboff\u00a0\u00bb use_text_overlay=\u00a0\u00bbon\u00a0\u00bb _builder_version=\u00a0\u00bb4.27.3&Prime; _module_preset=\u00a0\u00bbdefault\u00a0\u00bb custom_button=\u00a0\u00bbon\u00a0\u00bb button_bg_color=\u00a0\u00bbRGBA(255,255,255,0)\u00a0\u00bb global_colors_info=\u00a0\u00bb{}\u00a0\u00bb sticky_transition=\u00a0\u00bbon\u00a0\u00bb]<h3>Parcourez la liste des institutions qui nous ont fait confiance<\/h3>\n[\/et_pb_slide][\/et_pb_slider][\/et_pb_column][\/et_pb_row][et_pb_row column_structure=\u00a0\u00bb1_2,1_2&Prime; _builder_version=\u00a0\u00bb4.27.3&Prime; _module_preset=\u00a0\u00bbdefault\u00a0\u00bb global_colors_info=\u00a0\u00bb{}\u00a0\u00bb][et_pb_column type=\u00a0\u00bb1_2&Prime; _builder_version=\u00a0\u00bb4.27.3&Prime; _module_preset=\u00a0\u00bbdefault\u00a0\u00bb global_colors_info=\u00a0\u00bb{}\u00a0\u00bb][et_pb_image src=\u00a0\u00bbhttps:\/\/guillodconservation.com\/wp-content\/uploads\/2024\/11\/IMG_0453-1-scaled.jpg\u00a0\u00bb title_text=\u00a0\u00bbIMG_0453&Prime; _builder_version=\u00a0\u00bb4.27.3&Prime; _module_preset=\u00a0\u00bbdefault\u00a0\u00bb global_colors_info=\u00a0\u00bb{}\u00a0\u00bb][\/et_pb_image][\/et_pb_column][et_pb_column type=\u00a0\u00bb1_2&Prime; _builder_version=\u00a0\u00bb4.27.3&Prime; _module_preset=\u00a0\u00bbdefault\u00a0\u00bb global_colors_info=\u00a0\u00bb{}\u00a0\u00bb][et_pb_text _builder_version=\u00a0\u00bb4.27.3&Prime; _module_preset=\u00a0\u00bbdefault\u00a0\u00bb custom_padding=\u00a0\u00bb0px||1px|||\u00a0\u00bb global_colors_info=\u00a0\u00bb{}\u00a0\u00bb]<p style=\"font-weight: 400; text-align: justify;\"><strong>Ga\u00ebtan Guillod est conservateur-restaurateur du patrimoine, sp\u00e9cialis\u00e9 sur les collections en m\u00e9tal et composites. Dipl\u00f4m\u00e9 de la Haute \u00c9cole Arc (Suisse) et de l\u2019Institut national du patrimoine (France), il est habilit\u00e9 \u00e0 travailler sur les collections publiques fran\u00e7aises selon l\u2019article R452-10 du code du patrimoine.<\/strong><\/p>\n<p style=\"font-weight: 400; text-align: justify;\">\n<p style=\"font-weight: 400; text-align: justify;\"><strong>Partageant son activit\u00e9 entre Paris et la Suisse Romande, Ga\u00ebtan Guillod est ind\u00e9pendant depuis septembre 2024. Son parcours acad\u00e9mique ainsi que son exp\u00e9rience, lui ont permis d\u2019intervenir dans des projets de conservation pr\u00e9ventive et conservation-restauration de collections vari\u00e9es (patrimoine technique et industriel, Beaux-Arts, arch\u00e9ologique) mettant ainsi en pratique un large \u00e9ventail de techniques et de proc\u00e9d\u00e9s.<\/strong><\/p>\n[\/et_pb_text][et_pb_button button_url=\u00a0\u00bbhttps:\/\/guillodconservation.com\/accueil\/contact\/\u00a0\u00bb button_text=\u00a0\u00bbContact\u00a0\u00bb _builder_version=\u00a0\u00bb4.27.3&Prime; _module_preset=\u00a0\u00bbdefault\u00a0\u00bb custom_button=\u00a0\u00bbon\u00a0\u00bb button_text_color=\u00a0\u00bb#000000&Prime; global_colors_info=\u00a0\u00bb{}\u00a0\u00bb][\/et_pb_button][\/et_pb_column][\/et_pb_row][\/et_pb_section]\n","protected":false},"excerpt":{"rendered":"<p>Conservation pr\u00e9ventive et restaurationDes r\u00e9ponses&#8230;<\/p>\n","protected":false},"author":1,"featured_media":0,"parent":0,"menu_order":0,"comment_status":"closed","ping_status":"closed","template":"","meta":{"_et_pb_use_builder":"on","_et_pb_old_content":"","_et_gb_content_width":"","ocean_post_layout":"","ocean_both_sidebars_style":"","ocean_both_sidebars_content_width":0,"ocean_both_sidebars_sidebars_width":0,"ocean_sidebar":"","ocean_second_sidebar":"","ocean_disable_margins":"enable","ocean_add_body_class":"","ocean_shortcode_before_top_bar":"","ocean_shortcode_after_top_bar":"","ocean_shortcode_before_header":"","ocean_shortcode_after_header":"","ocean_has_shortcode":"","ocean_shortcode_after_title":"","ocean_shortcode_before_footer_widgets":"","ocean_shortcode_after_footer_widgets":"","ocean_shortcode_before_footer_bottom":"","ocean_shortcode_after_footer_bottom":"","ocean_display_top_bar":"default","ocean_display_header":"default","ocean_header_style":"","ocean_center_header_left_menu":"","ocean_custom_header_template":"","ocean_custom_logo":0,"ocean_custom_retina_logo":0,"ocean_custom_logo_max_width":0,"ocean_custom_logo_tablet_max_width":0,"ocean_custom_logo_mobile_max_width":0,"ocean_custom_logo_max_height":0,"ocean_custom_logo_tablet_max_height":0,"ocean_custom_logo_mobile_max_height":0,"ocean_header_custom_menu":"","ocean_menu_typo_font_family":"","ocean_menu_typo_font_subset":"","ocean_menu_typo_font_size":0,"ocean_menu_typo_font_size_tablet":0,"ocean_menu_typo_font_size_mobile":0,"ocean_menu_typo_font_size_unit":"px","ocean_menu_typo_font_weight":"","ocean_menu_typo_font_weight_tablet":"","ocean_menu_typo_font_weight_mobile":"","ocean_menu_typo_transform":"","ocean_menu_typo_transform_tablet":"","ocean_menu_typo_transform_mobile":"","ocean_menu_typo_line_height":0,"ocean_menu_typo_line_height_tablet":0,"ocean_menu_typo_line_height_mobile":0,"ocean_menu_typo_line_height_unit":"","ocean_menu_typo_spacing":0,"ocean_menu_typo_spacing_tablet":0,"ocean_menu_typo_spacing_mobile":0,"ocean_menu_typo_spacing_unit":"","ocean_menu_link_color":"","ocean_menu_link_color_hover":"","ocean_menu_link_color_active":"","ocean_menu_link_background":"","ocean_menu_link_hover_background":"","ocean_menu_link_active_background":"","ocean_menu_social_links_bg":"","ocean_menu_social_hover_links_bg":"","ocean_menu_social_links_color":"","ocean_menu_social_hover_links_color":"","ocean_disable_title":"default","ocean_disable_heading":"default","ocean_post_title":"","ocean_post_subheading":"","ocean_post_title_style":"","ocean_post_title_background_color":"","ocean_post_title_background":0,"ocean_post_title_bg_image_position":"","ocean_post_title_bg_image_attachment":"","ocean_post_title_bg_image_repeat":"","ocean_post_title_bg_image_size":"","ocean_post_title_height":0,"ocean_post_title_bg_overlay":0.5,"ocean_post_title_bg_overlay_color":"","ocean_disable_breadcrumbs":"default","ocean_breadcrumbs_color":"","ocean_breadcrumbs_separator_color":"","ocean_breadcrumbs_links_color":"","ocean_breadcrumbs_links_hover_color":"","ocean_display_footer_widgets":"default","ocean_display_footer_bottom":"default","ocean_custom_footer_template":"","footnotes":""},"class_list":["post-28974","page","type-page","status-publish","hentry","entry"],"yoast_head":"<!-- This site is optimized with the Yoast SEO plugin v23.8 - https:\/\/yoast.com\/wordpress\/plugins\/seo\/ -->\n<title>Accueil - Ga\u00ebtan Guillod Conservation<\/title>\n<meta name=\"description\" content=\"Conservation pr\u00e9ventive et de conservation-restauration du patrimoine en m\u00e9tal et composite.\" \/>\n<meta name=\"robots\" content=\"index, follow, max-snippet:-1, max-image-preview:large, max-video-preview:-1\" \/>\n<link rel=\"canonical\" href=\"https:\/\/guillodconservation.com\/accueil\/\" \/>\n<meta property=\"og:locale\" content=\"fr_FR\" \/>\n<meta property=\"og:type\" content=\"article\" \/>\n<meta property=\"og:title\" content=\"Accueil - Ga\u00ebtan Guillod Conservation\" \/>\n<meta property=\"og:description\" content=\"Conservation pr\u00e9ventive et de conservation-restauration du patrimoine en m\u00e9tal et composite.\" \/>\n<meta property=\"og:url\" content=\"https:\/\/guillodconservation.com\/accueil\/\" \/>\n<meta property=\"og:site_name\" content=\"Ga\u00ebtan Guillod Conservation\" \/>\n<meta property=\"article:modified_time\" content=\"2024-11-25T18:42:33+00:00\" \/>\n<meta name=\"twitter:card\" content=\"summary_large_image\" \/>\n<meta name=\"twitter:label1\" content=\"Dur\u00e9e de lecture estim\u00e9e\" \/>\n\t<meta name=\"twitter:data1\" content=\"1 minute\" \/>\n<script type=\"application\/ld+json\" class=\"yoast-schema-graph\">{\"@context\":\"https:\/\/schema.org\",\"@graph\":[{\"@type\":\"WebPage\",\"@id\":\"https:\/\/guillodconservation.com\/accueil\/\",\"url\":\"https:\/\/guillodconservation.com\/accueil\/\",\"name\":\"Accueil - Ga\u00ebtan Guillod Conservation\",\"isPartOf\":{\"@id\":\"https:\/\/guillodconservation.com\/accueil\/#website\"},\"datePublished\":\"2024-11-12T09:03:49+00:00\",\"dateModified\":\"2024-11-25T18:42:33+00:00\",\"description\":\"Conservation pr\u00e9ventive et de conservation-restauration du patrimoine en m\u00e9tal et composite.\",\"breadcrumb\":{\"@id\":\"https:\/\/guillodconservation.com\/accueil\/#breadcrumb\"},\"inLanguage\":\"fr-FR\",\"potentialAction\":[{\"@type\":\"ReadAction\",\"target\":[\"https:\/\/guillodconservation.com\/accueil\/\"]}]},{\"@type\":\"BreadcrumbList\",\"@id\":\"https:\/\/guillodconservation.com\/accueil\/#breadcrumb\",\"itemListElement\":[{\"@type\":\"ListItem\",\"position\":1,\"name\":\"Accueil\",\"item\":\"https:\/\/guillodconservation.com\/accueil\/\"},{\"@type\":\"ListItem\",\"position\":2,\"name\":\"Accueil\"}]},{\"@type\":\"WebSite\",\"@id\":\"https:\/\/guillodconservation.com\/accueil\/#website\",\"url\":\"https:\/\/guillodconservation.com\/accueil\/\",\"name\":\"Ga\u00ebtan Guillod Conservation\",\"description\":\"Au service du patrimoine\",\"publisher\":{\"@id\":\"https:\/\/guillodconservation.com\/accueil\/#organization\"},\"potentialAction\":[{\"@type\":\"SearchAction\",\"target\":{\"@type\":\"EntryPoint\",\"urlTemplate\":\"https:\/\/guillodconservation.com\/accueil\/?s={search_term_string}\"},\"query-input\":{\"@type\":\"PropertyValueSpecification\",\"valueRequired\":true,\"valueName\":\"search_term_string\"}}],\"inLanguage\":\"fr-FR\"},{\"@type\":\"Organization\",\"@id\":\"https:\/\/guillodconservation.com\/accueil\/#organization\",\"name\":\"Ga\u00ebtan Guillod Conservation\",\"url\":\"https:\/\/guillodconservation.com\/accueil\/\",\"logo\":{\"@type\":\"ImageObject\",\"inLanguage\":\"fr-FR\",\"@id\":\"https:\/\/guillodconservation.com\/accueil\/#\/schema\/logo\/image\/\",\"url\":\"https:\/\/guillodconservation.com\/wp-content\/uploads\/2024\/11\/Capture-decran-2024-10-24-a-13.32.07-1.png\",\"contentUrl\":\"https:\/\/guillodconservation.com\/wp-content\/uploads\/2024\/11\/Capture-decran-2024-10-24-a-13.32.07-1.png\",\"width\":778,\"height\":288,\"caption\":\"Ga\u00ebtan Guillod Conservation\"},\"image\":{\"@id\":\"https:\/\/guillodconservation.com\/accueil\/#\/schema\/logo\/image\/\"}}]}<\/script>\n<!-- \/ Yoast SEO plugin. -->","yoast_head_json":{"title":"Accueil - Ga\u00ebtan Guillod Conservation","description":"Conservation pr\u00e9ventive et de conservation-restauration du patrimoine en m\u00e9tal et composite.","robots":{"index":"index","follow":"follow","max-snippet":"max-snippet:-1","max-image-preview":"max-image-preview:large","max-video-preview":"max-video-preview:-1"},"canonical":"https:\/\/guillodconservation.com\/accueil\/","og_locale":"fr_FR","og_type":"article","og_title":"Accueil - Ga\u00ebtan Guillod Conservation","og_description":"Conservation pr\u00e9ventive et de conservation-restauration du patrimoine en m\u00e9tal et composite.","og_url":"https:\/\/guillodconservation.com\/accueil\/","og_site_name":"Ga\u00ebtan Guillod Conservation","article_modified_time":"2024-11-25T18:42:33+00:00","twitter_card":"summary_large_image","twitter_misc":{"Dur\u00e9e de lecture estim\u00e9e":"1 minute"},"schema":{"@context":"https:\/\/schema.org","@graph":[{"@type":"WebPage","@id":"https:\/\/guillodconservation.com\/accueil\/","url":"https:\/\/guillodconservation.com\/accueil\/","name":"Accueil - Ga\u00ebtan Guillod Conservation","isPartOf":{"@id":"https:\/\/guillodconservation.com\/accueil\/#website"},"datePublished":"2024-11-12T09:03:49+00:00","dateModified":"2024-11-25T18:42:33+00:00","description":"Conservation pr\u00e9ventive et de conservation-restauration du patrimoine en m\u00e9tal et composite.","breadcrumb":{"@id":"https:\/\/guillodconservation.com\/accueil\/#breadcrumb"},"inLanguage":"fr-FR","potentialAction":[{"@type":"ReadAction","target":["https:\/\/guillodconservation.com\/accueil\/"]}]},{"@type":"BreadcrumbList","@id":"https:\/\/guillodconservation.com\/accueil\/#breadcrumb","itemListElement":[{"@type":"ListItem","position":1,"name":"Accueil","item":"https:\/\/guillodconservation.com\/accueil\/"},{"@type":"ListItem","position":2,"name":"Accueil"}]},{"@type":"WebSite","@id":"https:\/\/guillodconservation.com\/accueil\/#website","url":"https:\/\/guillodconservation.com\/accueil\/","name":"Ga\u00ebtan Guillod Conservation","description":"Au service du patrimoine","publisher":{"@id":"https:\/\/guillodconservation.com\/accueil\/#organization"},"potentialAction":[{"@type":"SearchAction","target":{"@type":"EntryPoint","urlTemplate":"https:\/\/guillodconservation.com\/accueil\/?s={search_term_string}"},"query-input":{"@type":"PropertyValueSpecification","valueRequired":true,"valueName":"search_term_string"}}],"inLanguage":"fr-FR"},{"@type":"Organization","@id":"https:\/\/guillodconservation.com\/accueil\/#organization","name":"Ga\u00ebtan Guillod Conservation","url":"https:\/\/guillodconservation.com\/accueil\/","logo":{"@type":"ImageObject","inLanguage":"fr-FR","@id":"https:\/\/guillodconservation.com\/accueil\/#\/schema\/logo\/image\/","url":"https:\/\/guillodconservation.com\/wp-content\/uploads\/2024\/11\/Capture-decran-2024-10-24-a-13.32.07-1.png","contentUrl":"https:\/\/guillodconservation.com\/wp-content\/uploads\/2024\/11\/Capture-decran-2024-10-24-a-13.32.07-1.png","width":778,"height":288,"caption":"Ga\u00ebtan Guillod Conservation"},"image":{"@id":"https:\/\/guillodconservation.com\/accueil\/#\/schema\/logo\/image\/"}}]}},"_links":{"self":[{"href":"https:\/\/guillodconservation.com\/accueil\/wp-json\/wp\/v2\/pages\/28974","targetHints":{"allow":["GET"]}}],"collection":[{"href":"https:\/\/guillodconservation.com\/accueil\/wp-json\/wp\/v2\/pages"}],"about":[{"href":"https:\/\/guillodconservation.com\/accueil\/wp-json\/wp\/v2\/types\/page"}],"author":[{"embeddable":true,"href":"https:\/\/guillodconservation.com\/accueil\/wp-json\/wp\/v2\/users\/1"}],"replies":[{"embeddable":true,"href":"https:\/\/guillodconservation.com\/accueil\/wp-json\/wp\/v2\/comments?post=28974"}],"version-history":[{"count":16,"href":"https:\/\/guillodconservation.com\/accueil\/wp-json\/wp\/v2\/pages\/28974\/revisions"}],"predecessor-version":[{"id":29157,"href":"https:\/\/guillodconservation.com\/accueil\/wp-json\/wp\/v2\/pages\/28974\/revisions\/29157"}],"wp:attachment":[{"href":"https:\/\/guillodconservation.com\/accueil\/wp-json\/wp\/v2\/media?parent=28974"}],"curies":[{"name":"wp","href":"https:\/\/api.w.org\/{rel}","templated":true}]}}